{"id":692,"date":"2025-10-29T10:32:09","date_gmt":"2025-10-29T10:32:09","guid":{"rendered":"https:\/\/kragerokystlag.no\/?page_id=692"},"modified":"2025-10-29T10:32:10","modified_gmt":"2025-10-29T10:32:10","slug":"rs-32-kragero","status":"publish","type":"page","link":"https:\/\/kragerokystlag.no\/?page_id=692","title":{"rendered":"RS 32 Krager\u00f8"},"content":{"rendered":"<span itemprop=\"description\">\n<div class=\"wp-block-cover alignleft has-custom-content-position is-position-top-left\" style=\"min-height:703px;aspect-ratio:unset;\"><img loading=\"lazy\" decoding=\"async\" width=\"472\" height=\"640\" class=\"wp-block-cover__image-background wp-image-697\" alt=\"\" src=\"https:\/\/kragerokystlag.no\/wp-content\/uploads\/2023\/12\/C.jpg\" style=\"object-position:50% 53%\" data-object-fit=\"cover\" data-object-position=\"50% 53%\" srcset=\"https:\/\/kragerokystlag.no\/wp-content\/uploads\/2023\/12\/C.jpg 472w, https:\/\/kragerokystlag.no\/wp-content\/uploads\/2023\/12\/C-221x300.jpg 221w\" sizes=\"auto, (max-width: 472px) 100vw, 472px\" \/><span aria-hidden=\"true\" class=\"wp-block-cover__background has-background-dim-20 has-background-dim\"><\/span><div class=\"wp-block-cover__inner-container is-layout-flow wp-block-cover-is-layout-flow\">\n<h2 class=\"wp-block-heading\">RS 32 Krager\u00f8 <\/h2>\n\n\n\n<h3 class=\"wp-block-heading\"><\/h3>\n<\/div><\/div>\n\n\n\n<h3 class=\"wp-block-heading\">Sparebankstiftelsen Skagerrak st\u00e5r som eier av RS32 Krager\u00f8, den flotte redningssk\u00f8yta fra 1920 som &laquo;kom tilbake&raquo; til Krager\u00f8 i juni 2023.<\/h3>\n\n\n\n<p>Foreningen RS32 Krager\u00f8 ble etablert 12. juni samme \u00e5r etter initiativ fra Krager\u00f8 Kystlag og 1. Sannidal Speidergruppe. Foreningen har driftsansvaret for sk\u00f8yta.<\/p>\n\n\n\n<p>RS 32 Krager\u00f8 har blant annet ha disse m\u00e5lsettingene \u00e5 jobbe for:<\/p>\n\n\n\n<ul class=\"wp-block-list\">\n<li>Skal v\u00e6re samlende for alle interesserte i Krager\u00f8 kommune.<\/li>\n\n\n\n<li>Bidra til \u00e5 styrke identiteten v\u00e5r som beboere av en kystkommune med sterke tradisjoner.<\/li>\n\n\n\n<li>Drive barne- og ungdomsarbeid.<\/li>\n\n\n\n<li>V\u00e6re et aktivitetstilbud for folk i alle aldre.<\/li>\n\n\n\n<li>V\u00e6re et tilbud til alle lokale lag og foreninger i Krager\u00f8.<\/li>\n\n\n\n<li>Skape st\u00f8rre samhandling innen kystkultur med nabokommunene Ris\u00f8r og Langesund.<\/li>\n\n\n\n<li>Bidra til fokus p\u00e5 Redningsselskapets viktige arbeid.<\/li>\n<\/ul>\n\n\n\n<p><strong>For mer informasjon:<\/strong><br><a href=\"https:\/\/www.finn.no\/boat\/forsale\/ad.html?finnkode=312896602\">Salgsannonsen p\u00e5 finn.no<\/a><br><a href=\"https:\/\/www.facebook.com\/rs32kragero\">RS 32 p\u00e5 Facebook<\/a><br><a href=\"https:\/\/www.facebook.com\/photo\/?fbid=688924773281406&amp;set=pcb.6 88924846614732\">Bilde hos Redningsselskapet 6.september<\/a><br><a href=\"https:\/\/www.batmagasinet.no\/allerbm-bm-bladarkiv-utgave-nr-8- 2003\/batfolk-i-fokus-olav-bjorshol\/676470\">Artikkel i B\u00e5tmagasinet<\/a><\/p>\n\n\n\n<p><a href=\"https:\/\/kragerokystlag.no\/wp-content\/uploads\/2023\/12\/Informasjon-RS32-Kragero.pdf\">Last ned brosjyre om prosjektet her<\/a><\/p>\n<span>","protected":false},"excerpt":{"rendered":"<p class=\"excerpt\"><span itemprop=\"description\">Sparebankstiftelsen Skagerrak st\u00e5r som eier av RS32 Krager\u00f8, den flotte redningssk\u00f8yta fra 1920 som &laquo;kom tilbake&raquo; til Krager\u00f8 i juni 2023. Foreningen RS32 Krager\u00f8 ble etablert 12. juni samme \u00e5r etter initiativ fra Krager\u00f8 Kystlag og 1. Sannidal Speidergruppe. Foreningen har driftsansvaret for sk\u00f8yta. RS&hellip;<\/span><\/p>\n<p class=\"more-link-p btn-align-left\"><a class=\"green zoom-btn\" href=\"https:\/\/kragerokystlag.no\/?page_id=692\">Read More<\/a><\/p>\n","protected":false},"author":7,"featured_media":0,"parent":0,"menu_order":0,"comment_status":"closed","ping_status":"closed","template":"","meta":{"footnotes":""},"class_list":["post-692","page","type-page","status-publish","hentry"],"_links":{"self":[{"href":"https:\/\/kragerokystlag.no\/index.php?rest_route=\/wp\/v2\/pages\/692","targetHints":{"allow":["GET"]}}],"collection":[{"href":"https:\/\/kragerokystlag.no\/index.php?rest_route=\/wp\/v2\/pages"}],"about":[{"href":"https:\/\/kragerokystlag.no\/index.php?rest_route=\/wp\/v2\/types\/page"}],"author":[{"embeddable":true,"href":"https:\/\/kragerokystlag.no\/index.php?rest_route=\/wp\/v2\/users\/7"}],"replies":[{"embeddable":true,"href":"https:\/\/kragerokystlag.no\/index.php?rest_route=%2Fwp%2Fv2%2Fcomments&post=692"}],"version-history":[{"count":0,"href":"https:\/\/kragerokystlag.no\/index.php?rest_route=\/wp\/v2\/pages\/692\/revisions"}],"wp:attachment":[{"href":"https:\/\/kragerokystlag.no\/index.php?rest_route=%2Fwp%2Fv2%2Fmedia&parent=692"}],"curies":[{"name":"wp","href":"https:\/\/api.w.org\/{rel}","templated":true}]}}