{"id":448,"date":"2022-03-03T20:34:27","date_gmt":"2022-03-03T20:34:27","guid":{"rendered":"https:\/\/kragerokystlag.no\/?page_id=448"},"modified":"2023-12-26T15:40:16","modified_gmt":"2023-12-26T15:40:16","slug":"rekrutering-fremtidig-mannskap","status":"publish","type":"page","link":"https:\/\/kragerokystlag.no\/?page_id=448","title":{"rendered":"Prosjekt fremtidig mannskap"},"content":{"rendered":"<span itemprop=\"description\">\n<p><img loading=\"lazy\" decoding=\"async\" alt=\"Kysten.no banner og logo\" src=\"https:\/\/lh4.googleusercontent.com\/bT7mOMvaWMlKYJQkQzVXRRWmEOWy7fMLkOf7pBmilu1wI8bblDh_PBROBfd_2dM2qC5SFglONbEo8e-sdg8VwMzvR3TToLk2F63dOOFbNJJsceb5vXYluvOAN_ndTZ1w4zbrCfON\" width=\"605\" height=\"141\"><\/p>\n\n\n\n<p>Til ungdom mellom 13 og 19 \u00e5r.<\/p>\n\n\n\n<p>Hei \u2013 er du nysgjerrig p\u00e5 en maritim utdanningsvei, eller bare litt interessert i \u00e5 l\u00e6re om hvordan det er \u00e5 drifte et fart\u00f8y?<\/p>\n\n\n\n<p>Krager\u00f8 Kystlag\/Gamle Krager\u00f8 fortsetter prosjektet som g\u00e5r ut p\u00e5 \u00e5 rekruttere framtidig mannskap til den fredete ferja Gamle Krager\u00f8 som eies og drives av Krager\u00f8 Kystlag.<\/p>\n\n\n\n<p>Vi har f\u00e5tt 110&nbsp;000 kroner fra Sparebankstiftelsen DNB til \u00e5 fortsette dette prosjektet som startet opp i 2020.<\/p>\n\n\n\n<p>Vi vil gjerne ha kontakt med ungdom som er interessert i \u00e5 l\u00e6re mer om dette:<\/p>\n\n\n\n<ul class=\"wp-block-list\">\n<li>Navigasjon<\/li>\n\n\n\n<li>Man\u00f8vrering<\/li>\n\n\n\n<li>Maskinarbeid<\/li>\n\n\n\n<li>Dekksarbeid<\/li>\n\n\n\n<li>Fort\u00f8yning<\/li>\n\n\n\n<li>Vedlikehold<\/li>\n\n\n\n<li>Sikkerhet om bord<\/li>\n\n\n\n<li>Kontakt med passasjerer og kunne fortelle om noe av det man ser p\u00e5 en rundtur i Krager\u00f8-skj\u00e6rg\u00e5rden<\/li>\n<\/ul>\n\n\n\n<p>Ungdommer som blir med p\u00e5 dette, f\u00e5r ukentlig oppl\u00e6ring p\u00e5 ettermiddag\/kveld \u2013 2 timer hver gang. Vi avslutter \u00f8kta med noe \u00e5 spise.<br>Ungdommer som blir med p\u00e5 dette, f\u00e5r anledning til \u00e5 bli med p\u00e5 turene vi kj\u00f8rer med Gamle Krager\u00f8 i sommersesongen.<br>Vi \u00f8nsker oss flere jenter, maritimt arbeid passer like godt for jenter som for gutter.<br>Deltakerne f\u00e5r bli med p\u00e5 minst to overnattingsturer i sesongen \u2013 i \u00e5r kan det bli Kristiansand og Ris\u00f8r?<br>Deltakerne f\u00e5r passende kl\u00e6r; T-skjorte, bukse, jakke + n\u00f8dvendig verneutstyr<br>Deltakere som har stabilt oppm\u00f8te kan f\u00e5 tilbud om \u00e5 ta n\u00f8dvendige kurs n\u00e5r de har fylt 18 \u00e5r; Kystlaget vil kunne dekke kostnadene.<br>Vi planlegger oppstart av prosjektet rett over p\u00e5ske \u2013 uke 16?<\/p>\n\n\n\n<p>Er dette av interesse for deg?<\/p>\n\n\n\n<p>Ta kontakt med Trygve B\u00f8rresen som er prosjektleder dersom du har lyst til \u00e5 bli med. Du forplikter deg ikke til noe, pr\u00f8v gjerne en gang eller flere for \u00e5 se om dette kan v\u00e6re noe for deg.<\/p>\n\n\n\n<p>Du kan ringe eller sende SMS p\u00e5 nummer 413 07&nbsp;832, eller sende e-post til: <a href=\"mailto:trygve.borresen@kebas.no\">trygve.borresen@kebas.no<\/a><\/p>\n\n\n\n<p>Velkommen til en meningsfull fritidsaktivitet!<\/p>\n\n\n\n<p><img loading=\"lazy\" decoding=\"async\" width=\"339\" height=\"254\" src=\"https:\/\/lh3.googleusercontent.com\/ehYQUgfV-ZC848T3kFEV0mTjdHIoLuB3Ea5T3UAcszeeEZzxxAuKZ14jtonwBEMyt5T3kAx48T5XCKB50FfmRPN1OzaXRdtg8TY3uuleCKxRFD546o8ICthIsfbq5xeXU-v9booZ\"><\/p>\n\n\n\n<figure class=\"wp-block-image size-large\"><img loading=\"lazy\" decoding=\"async\" width=\"768\" height=\"1024\" src=\"https:\/\/kragerokystlag.no\/wp-content\/uploads\/2023\/02\/Pa-vei-til-Langesund-768x1024.jpg\" alt=\"\" class=\"wp-image-578\" srcset=\"https:\/\/kragerokystlag.no\/wp-content\/uploads\/2023\/02\/Pa-vei-til-Langesund-768x1024.jpg 768w, https:\/\/kragerokystlag.no\/wp-content\/uploads\/2023\/02\/Pa-vei-til-Langesund-225x300.jpg 225w, https:\/\/kragerokystlag.no\/wp-content\/uploads\/2023\/02\/Pa-vei-til-Langesund-1152x1536.jpg 1152w, https:\/\/kragerokystlag.no\/wp-content\/uploads\/2023\/02\/Pa-vei-til-Langesund-1536x2048.jpg 1536w, https:\/\/kragerokystlag.no\/wp-content\/uploads\/2023\/02\/Pa-vei-til-Langesund-1200x1600.jpg 1200w, https:\/\/kragerokystlag.no\/wp-content\/uploads\/2023\/02\/Pa-vei-til-Langesund-scaled.jpg 1920w\" sizes=\"auto, (max-width: 768px) 100vw, 768px\" \/><figcaption class=\"wp-element-caption\">P\u00e5 vei til Langesund<\/figcaption><\/figure>\n\n\n\n<figure class=\"wp-block-image size-large\"><img loading=\"lazy\" decoding=\"async\" width=\"1024\" height=\"768\" src=\"https:\/\/kragerokystlag.no\/wp-content\/uploads\/2023\/02\/I-Langesund-1024x768.jpg\" alt=\"\" class=\"wp-image-580\" srcset=\"https:\/\/kragerokystlag.no\/wp-content\/uploads\/2023\/02\/I-Langesund-1024x768.jpg 1024w, https:\/\/kragerokystlag.no\/wp-content\/uploads\/2023\/02\/I-Langesund-300x225.jpg 300w, https:\/\/kragerokystlag.no\/wp-content\/uploads\/2023\/02\/I-Langesund-768x576.jpg 768w, https:\/\/kragerokystlag.no\/wp-content\/uploads\/2023\/02\/I-Langesund-1536x1152.jpg 1536w, https:\/\/kragerokystlag.no\/wp-content\/uploads\/2023\/02\/I-Langesund-2048x1536.jpg 2048w, https:\/\/kragerokystlag.no\/wp-content\/uploads\/2023\/02\/I-Langesund-1200x900.jpg 1200w\" sizes=\"auto, (max-width: 1024px) 100vw, 1024px\" \/><figcaption class=\"wp-element-caption\">I Langesund<\/figcaption><\/figure>\n\n\n\n<h2 class=\"wp-block-heading\">Nyheter<\/h2>\n\n\n<ul class=\"wp-block-latest-posts__list has-dates wp-block-latest-posts\"><li><div class=\"wp-block-latest-posts__featured-image alignleft\"><img loading=\"lazy\" decoding=\"async\" width=\"150\" height=\"150\" src=\"https:\/\/kragerokystlag.no\/wp-content\/uploads\/2024\/11\/image-150x150.png\" class=\"attachment-thumbnail size-thumbnail aligncenter wp-post-image\" alt=\"\" style=\"\" srcset=\"https:\/\/kragerokystlag.no\/wp-content\/uploads\/2024\/11\/image-150x150.png 150w, https:\/\/kragerokystlag.no\/wp-content\/uploads\/2024\/11\/image-200x200.png 200w, https:\/\/kragerokystlag.no\/wp-content\/uploads\/2024\/11\/image-320x320.png 320w\" sizes=\"auto, (max-width: 150px) 100vw, 150px\" \/><\/div><a class=\"wp-block-latest-posts__post-title\" href=\"https:\/\/kragerokystlag.no\/?p=1064\">Stor oppslutning om &laquo;mekkekurs&raquo;  for ungdommer i Riggerbua<\/a><time datetime=\"2024-11-29T12:43:33+00:00\" class=\"wp-block-latest-posts__post-date\">29. november 2024<\/time><div class=\"wp-block-latest-posts__post-excerpt\"><p class=\"excerpt\"><span itemprop=\"description\">Krager\u00f8 Kystlag h\u00e5pet p\u00e5 at kanskje 5 &#8211; 6 ville m\u00f8te da de bestemte seg for \u00e5 lage et aktivitetstilbud for ungdommer. P\u00e5 \u00e5pningsdagen var det hele 13 ungdommer som m\u00f8tte opp &#8211; s\u00e5 mange at Kystlaget m\u00e5tte dele de inn i to grupper. Den&hellip;<\/span><\/p><p class=\"more-link-p btn-align-left\"><a class=\"green zoom-btn\" href=\"https:\/\/kragerokystlag.no\/?p=1064\">Read More<\/a><\/p><\/div><\/li>\n<li><div class=\"wp-block-latest-posts__featured-image alignleft\"><img loading=\"lazy\" decoding=\"async\" width=\"150\" height=\"150\" src=\"https:\/\/kragerokystlag.no\/wp-content\/uploads\/2022\/01\/1292111_orig-150x150.jpg\" class=\"attachment-thumbnail size-thumbnail aligncenter wp-post-image\" alt=\"\" style=\"\" srcset=\"https:\/\/kragerokystlag.no\/wp-content\/uploads\/2022\/01\/1292111_orig-150x150.jpg 150w, https:\/\/kragerokystlag.no\/wp-content\/uploads\/2022\/01\/1292111_orig-200x200.jpg 200w, https:\/\/kragerokystlag.no\/wp-content\/uploads\/2022\/01\/1292111_orig-320x320.jpg 320w\" sizes=\"auto, (max-width: 150px) 100vw, 150px\" \/><\/div><a class=\"wp-block-latest-posts__post-title\" href=\"https:\/\/kragerokystlag.no\/?p=266\">Ungdomsgruppa p\u00e5 tokt til Langesund<\/a><time datetime=\"2020-08-09T19:54:00+00:00\" class=\"wp-block-latest-posts__post-date\">9. august 2020<\/time><div class=\"wp-block-latest-posts__post-excerpt\"><p class=\"excerpt\"><span itemprop=\"description\">4 av ungdommene som er med i prosjektet Framtidig mannskap var p\u00e5 overnattingstur med Gamle Krager\u00f8 til Langesund fredag til l\u00f8rdag f\u00f8rste helga i august 2020. Framme i Langesund ble vi tatt i mot av representanter for Langesundfjorden kystlag. Den kullfyrte dampb\u00e5ten B\u00f8r\u00f8ysund var p\u00e5&hellip;<\/span><\/p><p class=\"more-link-p btn-align-left\"><a class=\"green zoom-btn\" href=\"https:\/\/kragerokystlag.no\/?p=266\">Read More<\/a><\/p><\/div><\/li>\n<\/ul><span>","protected":false},"excerpt":{"rendered":"<p class=\"excerpt\"><span itemprop=\"description\">Til ungdom mellom 13 og 19 \u00e5r. Hei \u2013 er du nysgjerrig p\u00e5 en maritim utdanningsvei, eller bare litt interessert i \u00e5 l\u00e6re om hvordan det er \u00e5 drifte et fart\u00f8y? Krager\u00f8 Kystlag\/Gamle Krager\u00f8 fortsetter prosjektet som g\u00e5r ut p\u00e5 \u00e5 rekruttere framtidig mannskap til&hellip;<\/span><\/p>\n<p class=\"more-link-p btn-align-left\"><a class=\"green zoom-btn\" href=\"https:\/\/kragerokystlag.no\/?page_id=448\">Read More<\/a><\/p>\n","protected":false},"author":2,"featured_media":645,"parent":0,"menu_order":0,"comment_status":"closed","ping_status":"closed","template":"templates\/template-full-width.php","meta":{"footnotes":""},"class_list":["post-448","page","type-page","status-publish","has-post-thumbnail","hentry","zoom-theme-has-thumb"],"_links":{"self":[{"href":"https:\/\/kragerokystlag.no\/index.php?rest_route=\/wp\/v2\/pages\/448","targetHints":{"allow":["GET"]}}],"collection":[{"href":"https:\/\/kragerokystlag.no\/index.php?rest_route=\/wp\/v2\/pages"}],"about":[{"href":"https:\/\/kragerokystlag.no\/index.php?rest_route=\/wp\/v2\/types\/page"}],"author":[{"embeddable":true,"href":"https:\/\/kragerokystlag.no\/index.php?rest_route=\/wp\/v2\/users\/2"}],"replies":[{"embeddable":true,"href":"https:\/\/kragerokystlag.no\/index.php?rest_route=%2Fwp%2Fv2%2Fcomments&post=448"}],"version-history":[{"count":0,"href":"https:\/\/kragerokystlag.no\/index.php?rest_route=\/wp\/v2\/pages\/448\/revisions"}],"wp:featuredmedia":[{"embeddable":true,"href":"https:\/\/kragerokystlag.no\/index.php?rest_route=\/wp\/v2\/media\/645"}],"wp:attachment":[{"href":"https:\/\/kragerokystlag.no\/index.php?rest_route=%2Fwp%2Fv2%2Fmedia&parent=448"}],"curies":[{"name":"wp","href":"https:\/\/api.w.org\/{rel}","templated":true}]}}