{"id":39,"date":"2022-01-05T17:19:16","date_gmt":"2022-01-05T17:19:16","guid":{"rendered":"https:\/\/kragerokystlag.no\/?page_id=39"},"modified":"2025-10-29T10:26:33","modified_gmt":"2025-10-29T10:26:33","slug":"kystkultur-for-ungdom","status":"publish","type":"page","link":"https:\/\/kragerokystlag.no\/?page_id=39","title":{"rendered":"Kystkultur for ungdom"},"content":{"rendered":"<span itemprop=\"description\">\n<h2 class=\"wp-block-heading\">Organisering<\/h2>\n\n\n\n<p>\u00abKystkultur for ungdom\u00bb er et samarbeidsprosjekt mellom 1. Sannidal speidergruppe og Krager\u00f8 Kystlag.<\/p>\n\n\n\n<p>Hovedelementene i prosjektet er den gamle redningssk\u00f8yta RS 32 Krager\u00f8 fra 1920, Riggerbua i Tallakshavn og veteranfergen Gamle Krager\u00f8.  <\/p>\n\n\n\n<p>B\u00e5de Krager\u00f8 Kystlag og 1. Sannidal Speidergruppe er aktivt med i prosjektet, og bidrar b\u00e5de \u00f8konomisk og p\u00e5 dugnadsbasis.<\/p>\n\n\n\n<p><\/p>\n\n\n\n<p>Speidergruppa og Kystlaget inng\u00e5r i Foreningen RS32 Krager\u00f8 som har drifts- og vedlikeholdsansvaret for den gamle redningssk\u00f8yta. Det var faktisk krager\u00f8damene i &laquo;Redningen&raquo; som i begynnelsen av forrige \u00e5rhundre samlet inn hoveddelen av kostnadene til bygging av sk\u00f8yta. <\/p>\n\n\n\n<h2 class=\"wp-block-heading\">Prosjektets form\u00e5l.<\/h2>\n\n\n\n<p>Bevare lokal kystkultur, b\u00e5de ved vedlikehold og bruk av eldre b\u00e5ttyper og ved bruk av annet materiell knyttet til v\u00e5r kystkultur.<\/p>\n\n\n\n<p>Gi ungdom gode opplevelser, kunnskap, erfaringer og holdninger ved at de deltar i aktiviteter knyttet til tradisjonsb\u00e5t, tre- og tauarbeid, seiling, v\u00e6r og vind i egen lokale skj\u00e6rg\u00e5rd.<\/p>\n\n\n\n<p>Dra nytte av fordelene ved \u00e5 ha et samarbeid mellom to forskjellige organisasjoner med flere sammenfallende interesser.<\/p>\n\n\n\n<h2 class=\"wp-block-heading\">Prosjektets aktiviteter<\/h2>\n\n\n\n<p>Hovedsakene i dette prosjektet er:<\/p>\n\n\n\n<p>Skape oppl\u00e6ringsarenaer for ungdom, slik at de gjennom dette utvikler kunnskaper, ferdigheter og holdninger knyttet til lokal, levende kystkultur.<\/p>\n\n\n\n<p>Ta vare p\u00e5 og videref\u00f8re lokale tradisjoner knyttet til Krager\u00f8s kystkultur.<\/p>\n\n\n\n<p><\/p>\n\n\n\n<figure class=\"wp-block-gallery has-nested-images columns-default is-cropped wp-block-gallery-1 is-layout-flex wp-block-gallery-is-layout-flex\">\n<figure class=\"wp-block-image size-large\"><img loading=\"lazy\" decoding=\"async\" width=\"1024\" height=\"683\" data-id=\"721\" src=\"https:\/\/kragerokystlag.no\/wp-content\/uploads\/2024\/01\/IMG_2278-1024x683.jpg\" alt=\"\" class=\"wp-image-721\" srcset=\"https:\/\/kragerokystlag.no\/wp-content\/uploads\/2024\/01\/IMG_2278-1024x683.jpg 1024w, https:\/\/kragerokystlag.no\/wp-content\/uploads\/2024\/01\/IMG_2278-300x200.jpg 300w, https:\/\/kragerokystlag.no\/wp-content\/uploads\/2024\/01\/IMG_2278-768x512.jpg 768w, https:\/\/kragerokystlag.no\/wp-content\/uploads\/2024\/01\/IMG_2278-1536x1024.jpg 1536w, https:\/\/kragerokystlag.no\/wp-content\/uploads\/2024\/01\/IMG_2278-2048x1365.jpg 2048w, https:\/\/kragerokystlag.no\/wp-content\/uploads\/2024\/01\/IMG_2278-1200x800.jpg 1200w\" sizes=\"auto, (max-width: 1024px) 100vw, 1024px\" \/><\/figure>\n<\/figure>\n\n\n\n<h2 class=\"wp-block-heading\">Nyheter<\/h2>\n\n\n<ul class=\"wp-block-latest-posts__list has-dates wp-block-latest-posts\"><li><div class=\"wp-block-latest-posts__featured-image alignleft\"><img loading=\"lazy\" decoding=\"async\" width=\"150\" height=\"150\" src=\"https:\/\/kragerokystlag.no\/wp-content\/uploads\/2024\/11\/image-150x150.png\" class=\"attachment-thumbnail size-thumbnail aligncenter wp-post-image\" alt=\"\" style=\"\" srcset=\"https:\/\/kragerokystlag.no\/wp-content\/uploads\/2024\/11\/image-150x150.png 150w, https:\/\/kragerokystlag.no\/wp-content\/uploads\/2024\/11\/image-200x200.png 200w, https:\/\/kragerokystlag.no\/wp-content\/uploads\/2024\/11\/image-320x320.png 320w\" sizes=\"auto, (max-width: 150px) 100vw, 150px\" \/><\/div><a class=\"wp-block-latest-posts__post-title\" href=\"https:\/\/kragerokystlag.no\/?p=1064\">Stor oppslutning om &laquo;mekkekurs&raquo;  for ungdommer i Riggerbua<\/a><time datetime=\"2024-11-29T12:43:33+00:00\" class=\"wp-block-latest-posts__post-date\">29. november 2024<\/time><div class=\"wp-block-latest-posts__post-excerpt\"><p class=\"excerpt\"><span itemprop=\"description\">Krager\u00f8 Kystlag h\u00e5pet p\u00e5 at kanskje 5 &#8211; 6 ville m\u00f8te da de bestemte seg for \u00e5 lage et aktivitetstilbud for ungdommer. P\u00e5 \u00e5pningsdagen var det hele 13 ungdommer som m\u00f8tte opp &#8211; s\u00e5 mange at Kystlaget m\u00e5tte dele de inn i to grupper. Den&hellip;<\/span><\/p><p class=\"more-link-p btn-align-left\"><a class=\"green zoom-btn\" href=\"https:\/\/kragerokystlag.no\/?p=1064\">Read More<\/a><\/p><\/div><\/li>\n<li><div class=\"wp-block-latest-posts__featured-image alignleft\"><img loading=\"lazy\" decoding=\"async\" width=\"150\" height=\"150\" src=\"https:\/\/kragerokystlag.no\/wp-content\/uploads\/2022\/01\/1292111_orig-150x150.jpg\" class=\"attachment-thumbnail size-thumbnail aligncenter wp-post-image\" alt=\"\" style=\"\" srcset=\"https:\/\/kragerokystlag.no\/wp-content\/uploads\/2022\/01\/1292111_orig-150x150.jpg 150w, https:\/\/kragerokystlag.no\/wp-content\/uploads\/2022\/01\/1292111_orig-200x200.jpg 200w, https:\/\/kragerokystlag.no\/wp-content\/uploads\/2022\/01\/1292111_orig-320x320.jpg 320w\" sizes=\"auto, (max-width: 150px) 100vw, 150px\" \/><\/div><a class=\"wp-block-latest-posts__post-title\" href=\"https:\/\/kragerokystlag.no\/?p=266\">Ungdomsgruppa p\u00e5 tokt til Langesund<\/a><time datetime=\"2020-08-09T19:54:00+00:00\" class=\"wp-block-latest-posts__post-date\">9. august 2020<\/time><div class=\"wp-block-latest-posts__post-excerpt\"><p class=\"excerpt\"><span itemprop=\"description\">4 av ungdommene som er med i prosjektet Framtidig mannskap var p\u00e5 overnattingstur med Gamle Krager\u00f8 til Langesund fredag til l\u00f8rdag f\u00f8rste helga i august 2020. Framme i Langesund ble vi tatt i mot av representanter for Langesundfjorden kystlag. Den kullfyrte dampb\u00e5ten B\u00f8r\u00f8ysund var p\u00e5&hellip;<\/span><\/p><p class=\"more-link-p btn-align-left\"><a class=\"green zoom-btn\" href=\"https:\/\/kragerokystlag.no\/?p=266\">Read More<\/a><\/p><\/div><\/li>\n<\/ul>\n\n\n<p><\/p>\n<span>","protected":false},"excerpt":{"rendered":"<p class=\"excerpt\"><span itemprop=\"description\">Organisering \u00abKystkultur for ungdom\u00bb er et samarbeidsprosjekt mellom 1. Sannidal speidergruppe og Krager\u00f8 Kystlag. Hovedelementene i prosjektet er den gamle redningssk\u00f8yta RS 32 Krager\u00f8 fra 1920, Riggerbua i Tallakshavn og veteranfergen Gamle Krager\u00f8. B\u00e5de Krager\u00f8 Kystlag og 1. Sannidal Speidergruppe er aktivt med i prosjektet,&hellip;<\/span><\/p>\n<p class=\"more-link-p btn-align-left\"><a class=\"green zoom-btn\" href=\"https:\/\/kragerokystlag.no\/?page_id=39\">Read More<\/a><\/p>\n","protected":false},"author":1,"featured_media":0,"parent":0,"menu_order":0,"comment_status":"closed","ping_status":"closed","template":"templates\/template-full-width.php","meta":{"footnotes":""},"class_list":["post-39","page","type-page","status-publish","hentry"],"_links":{"self":[{"href":"https:\/\/kragerokystlag.no\/index.php?rest_route=\/wp\/v2\/pages\/39","targetHints":{"allow":["GET"]}}],"collection":[{"href":"https:\/\/kragerokystlag.no\/index.php?rest_route=\/wp\/v2\/pages"}],"about":[{"href":"https:\/\/kragerokystlag.no\/index.php?rest_route=\/wp\/v2\/types\/page"}],"author":[{"embeddable":true,"href":"https:\/\/kragerokystlag.no\/index.php?rest_route=\/wp\/v2\/users\/1"}],"replies":[{"embeddable":true,"href":"https:\/\/kragerokystlag.no\/index.php?rest_route=%2Fwp%2Fv2%2Fcomments&post=39"}],"version-history":[{"count":0,"href":"https:\/\/kragerokystlag.no\/index.php?rest_route=\/wp\/v2\/pages\/39\/revisions"}],"wp:attachment":[{"href":"https:\/\/kragerokystlag.no\/index.php?rest_route=%2Fwp%2Fv2%2Fmedia&parent=39"}],"curies":[{"name":"wp","href":"https:\/\/api.w.org\/{rel}","templated":true}]}}