{"id":17,"date":"2022-01-05T17:10:44","date_gmt":"2022-01-05T17:10:44","guid":{"rendered":"https:\/\/kragerokystlag.no\/?page_id=17"},"modified":"2026-03-23T14:32:09","modified_gmt":"2026-03-23T14:32:09","slug":"kystled-jomfruland","status":"publish","type":"page","link":"https:\/\/kragerokystlag.no\/?page_id=17","title":{"rendered":"Kystled &#8211; Jomfruland"},"content":{"rendered":"<span itemprop=\"description\">\n<div class=\"wp-block-buttons is-content-justification-right is-layout-flex wp-container-core-buttons-is-layout-765c4724 wp-block-buttons-is-layout-flex\">\n<div class=\"wp-block-button\"><a class=\"wp-block-button__link has-black-color has-white-background-color has-text-color has-background wp-element-button\" href=\"https:\/\/www.cloud-booking.net\/kragerokystlag\/index.htm?source=nettside\" target=\"_blank\" rel=\"noreferrer noopener\">G\u00e5 til booking<\/a><\/div>\n<\/div>\n\n\n\n<p><strong>Litt historikk om hyttene.<\/strong><\/p>\n\n\n\n<p>Krager\u00f8 Kystlag disponerer i dag 3 hytter p\u00e5 Jomfruland, Decca hytta, Maskinhuset og Assistenten. For praktisk informasjon&nbsp;til leietaker av hyttene, se dokumenter&nbsp;nederst.<\/p>\n\n\n\n<figure class=\"wp-block-image size-large\"><img loading=\"lazy\" decoding=\"async\" width=\"892\" height=\"1024\" src=\"https:\/\/kragerokystlag.no\/wp-content\/uploads\/2022\/09\/kart-kystledhytter-892x1024.jpg\" alt=\"\" class=\"wp-image-532\" srcset=\"https:\/\/kragerokystlag.no\/wp-content\/uploads\/2022\/09\/kart-kystledhytter-892x1024.jpg 892w, https:\/\/kragerokystlag.no\/wp-content\/uploads\/2022\/09\/kart-kystledhytter-261x300.jpg 261w, https:\/\/kragerokystlag.no\/wp-content\/uploads\/2022\/09\/kart-kystledhytter-768x881.jpg 768w, https:\/\/kragerokystlag.no\/wp-content\/uploads\/2022\/09\/kart-kystledhytter-1338x1536.jpg 1338w, https:\/\/kragerokystlag.no\/wp-content\/uploads\/2022\/09\/kart-kystledhytter-1784x2048.jpg 1784w, https:\/\/kragerokystlag.no\/wp-content\/uploads\/2022\/09\/kart-kystledhytter-1200x1377.jpg 1200w\" sizes=\"auto, (max-width: 892px) 100vw, 892px\" \/><\/figure>\n\n\n\n<p><strong>Deccahytta<\/strong> (gamlehytta)<\/p>\n\n\n\n<figure class=\"wp-block-image size-full is-resized\"><img loading=\"lazy\" decoding=\"async\" width=\"1024\" height=\"718\" src=\"https:\/\/kragerokystlag.no\/wp-content\/uploads\/2022\/09\/Maskinhuset.jpg\" alt=\"\" class=\"wp-image-538\" style=\"width:822px;height:576px\" srcset=\"https:\/\/kragerokystlag.no\/wp-content\/uploads\/2022\/09\/Maskinhuset.jpg 1024w, https:\/\/kragerokystlag.no\/wp-content\/uploads\/2022\/09\/Maskinhuset-300x210.jpg 300w, https:\/\/kragerokystlag.no\/wp-content\/uploads\/2022\/09\/Maskinhuset-768x539.jpg 768w\" sizes=\"auto, (max-width: 1024px) 100vw, 1024px\" \/><\/figure>\n\n\n\n<p>Det er f\u00f8rste hytta ble tatt i bruk i 2007 og kalles Decca hytta. Opprinnelig var det en av 5 Deccastasjoner langs kysten som forsvaret opererte. Hytta ble brukt av forsvarets personell.&nbsp;Decca var et radionavigasjonssystem etter 2. verdenskrig. En 90 m h\u00f8y mast sendte&nbsp;ut signaler som gjorde at b\u00e5de sivile og milit\u00e6re fart\u00f8y kunne navigere presist. Dette var viktig og hadde en strategisk verdi under den kalde krigen.&nbsp;Etter hvert overtok Lorang C og deretter satellitter med GPS.&nbsp; Stasjonen ble nedlagt i 1990, og den 90 m h\u00f8ye masta ved hytta ble revet. I tillegg til personell hytta var det et maskinhus like ved. Forsvaret overdro bygningene til Direktoratet for naturforvaltning som besluttet \u00e5 rive bygningene. P\u00e5 foresp\u00f8rsel&nbsp;fra Krager\u00f8 Kommune ble riving utsatt og via politisk behandling ble det besluttet \u00e5 overdra driften av bygningene til Krager\u00f8 kystlag som kystledhytte. Hytta har innlagt str\u00f8m og sengeplass til 7 -8 personer. Den har innlagt br\u00f8nnvann&nbsp;til vasking. Hytta har veranda og vakker beliggenhet p\u00e5 utsiden av \u00f8ya med fri utsikt mot havet.<\/p>\n\n\n\n<figure class=\"wp-block-image\"><img decoding=\"async\" src=\"https:\/\/kragerokystlag.no\/wp-content\/uploads\/2022\/09\/dekka.jpg\" alt=\"Dette bildet mangler alt-tekst; dets filnavn er dekka.jpg\"\/><\/figure>\n\n\n\n<div class=\"wp-block-file\"><a id=\"wp-block-file--media-61fccdf4-faa5-40d5-95dc-845b3753d4ba\" href=\"https:\/\/kragerokystlag.no\/wp-content\/uploads\/2023\/03\/PRAKTISK-INFORMASJON-TIL-LEIETAKERNE-AV-KYSTLEDHYTTA-PA-JOMFRULAND-Decca-hytta.pdf\">Praktisk informasjon til leietakerne av kystledhytta Deccahytta p\u00e5 Jomfruland<\/a><a href=\"https:\/\/kragerokystlag.no\/wp-content\/uploads\/2023\/03\/PRAKTISK-INFORMASJON-TIL-LEIETAKERNE-AV-KYSTLEDHYTTA-PA-JOMFRULAND-Decca-hytta.pdf\" class=\"wp-block-file__button wp-element-button\" download aria-describedby=\"wp-block-file--media-61fccdf4-faa5-40d5-95dc-845b3753d4ba\">Last ned<\/a><\/div>\n\n\n\n<p><strong>Maskinhuset<\/strong>&nbsp;(nye hytta)<\/p>\n\n\n\n<figure class=\"wp-block-image size-full\"><img loading=\"lazy\" decoding=\"async\" width=\"1024\" height=\"768\" src=\"https:\/\/kragerokystlag.no\/wp-content\/uploads\/2022\/09\/dekka.jpg\" alt=\"\" class=\"wp-image-540\" srcset=\"https:\/\/kragerokystlag.no\/wp-content\/uploads\/2022\/09\/dekka.jpg 1024w, https:\/\/kragerokystlag.no\/wp-content\/uploads\/2022\/09\/dekka-300x225.jpg 300w, https:\/\/kragerokystlag.no\/wp-content\/uploads\/2022\/09\/dekka-768x576.jpg 768w\" sizes=\"auto, (max-width: 1024px) 100vw, 1024px\" \/><\/figure>\n\n\n\n<p>Denne hytta, som var en viktig del av Deccastasonen, ble tatt i bruk av Krager\u00f8 kystlag i 2017. Den ligger ca 75 m sydvest for Deccahytta.&nbsp;Dette bygget inneholdt et kraftig dieselaggregat som skulle sikre str\u00f8mforsyning dersom str\u00f8mmen til masta sviktet.&nbsp;For \u00e5 bygge den om til kystledhytte m\u00e5tte det gj\u00f8res en stor dugnadsinnsats. Alt innvendig m\u00e5tte rives og vinduer settes inn. Med ny innredning har det blitt en hyggelig hytte med veranda&nbsp;og vakker utsikt mot havet. Det er ikke innlagt vann, men den har en grei standard med innlagt str\u00f8m. Den har 6 sengeplasser. Hyttene ligger ca 15 min. gange fra fergekaia (T\u00e5rnbrygga)<\/p>\n\n\n\n<div class=\"wp-block-file\"><a id=\"wp-block-file--media-9f178d47-f28a-4fa4-b7fc-6f7dc03fa175\" href=\"https:\/\/kragerokystlag.no\/wp-content\/uploads\/2023\/03\/PRAKTISK-INFORMASJON-TIL-LEIETAKERNE-AV-KYSTLEDHYTTA-PA-JOMFRULAND-Maskinhuset.pdf\">Praktisk informasjon til leietakerne av kystledhytta Maskinhuset p\u00e5 Jomfruland<\/a><a href=\"https:\/\/kragerokystlag.no\/wp-content\/uploads\/2023\/03\/PRAKTISK-INFORMASJON-TIL-LEIETAKERNE-AV-KYSTLEDHYTTA-PA-JOMFRULAND-Maskinhuset.pdf\" class=\"wp-block-file__button wp-element-button\" download aria-describedby=\"wp-block-file--media-9f178d47-f28a-4fa4-b7fc-6f7dc03fa175\">Last ned<\/a><\/div>\n\n\n\n<p><strong>Assistenten<\/strong>&nbsp;(fyrvokterassistentboligen)<\/p>\n\n\n\n<figure class=\"wp-block-image size-full\"><img loading=\"lazy\" decoding=\"async\" width=\"1023\" height=\"1022\" src=\"https:\/\/kragerokystlag.no\/wp-content\/uploads\/2022\/09\/assistenten2-1.jpg\" alt=\"\" class=\"wp-image-536\" srcset=\"https:\/\/kragerokystlag.no\/wp-content\/uploads\/2022\/09\/assistenten2-1.jpg 1023w, https:\/\/kragerokystlag.no\/wp-content\/uploads\/2022\/09\/assistenten2-1-300x300.jpg 300w, https:\/\/kragerokystlag.no\/wp-content\/uploads\/2022\/09\/assistenten2-1-150x150.jpg 150w, https:\/\/kragerokystlag.no\/wp-content\/uploads\/2022\/09\/assistenten2-1-768x767.jpg 768w, https:\/\/kragerokystlag.no\/wp-content\/uploads\/2022\/09\/assistenten2-1-200x200.jpg 200w, https:\/\/kragerokystlag.no\/wp-content\/uploads\/2022\/09\/assistenten2-1-320x320.jpg 320w\" sizes=\"auto, (max-width: 1023px) 100vw, 1023px\" \/><\/figure>\n\n\n\n<figure class=\"wp-block-image size-full\"><img loading=\"lazy\" decoding=\"async\" width=\"1023\" height=\"1022\" src=\"https:\/\/kragerokystlag.no\/wp-content\/uploads\/2022\/09\/assistenten.jpg\" alt=\"\" class=\"wp-image-537\" srcset=\"https:\/\/kragerokystlag.no\/wp-content\/uploads\/2022\/09\/assistenten.jpg 1023w, https:\/\/kragerokystlag.no\/wp-content\/uploads\/2022\/09\/assistenten-300x300.jpg 300w, https:\/\/kragerokystlag.no\/wp-content\/uploads\/2022\/09\/assistenten-150x150.jpg 150w, https:\/\/kragerokystlag.no\/wp-content\/uploads\/2022\/09\/assistenten-768x767.jpg 768w, https:\/\/kragerokystlag.no\/wp-content\/uploads\/2022\/09\/assistenten-200x200.jpg 200w, https:\/\/kragerokystlag.no\/wp-content\/uploads\/2022\/09\/assistenten-320x320.jpg 320w\" sizes=\"auto, (max-width: 1023px) 100vw, 1023px\" \/><\/figure>\n\n\n\n<p>Dette er en av boligene p\u00e5 fyrstasjonen p\u00e5 Jomfruland. Dette bygget ligger n\u00e6rmest fyret. Der bodde fyrvokterassistenten og hans familie da fyret var bemannet. Huset eies av Kystverket som har formelt overdratt bruken til Krager\u00f8 Kommune som har overdratt driften videre&nbsp;til Krager\u00f8 kystlag som kystledhytte.&nbsp;Det er gjort en omfattende innvendig dugnad, og huset framst\u00e5r&nbsp;idag&nbsp;nyoppusset med renovert el opplegg.&nbsp;Assistenten har alle fasiliteter&nbsp;som i et vanlig bolighus og er tilkoblet kommunalt vann og kloakk. Huset ble tatt i bruk av kystlaget&nbsp;h\u00f8sten 2021. Huset er fredet og ligger idyllisk til med egen avgrenset hage. Ca. 5 min gange fra fergekaia (T\u00e5rnbrygga). Huset har 14 sengeplasser og 3 barnesenger.<\/p>\n\n\n\n<div class=\"wp-block-file\"><a id=\"wp-block-file--media-e8275c4c-bf34-4862-97c3-66b11b2ed15b\" href=\"https:\/\/kragerokystlag.no\/wp-content\/uploads\/2023\/03\/PRAKTISK-INFORMASJON-TIL-LEIETAKERNE-AV-KYSTLEDHYTTA-PA-JOMFRULAN-Assistenten.pdf\">Praktisk informasjon til leietakerne av kystledhytta Assistenten p\u00e5 Jomfruland<\/a><a href=\"https:\/\/kragerokystlag.no\/wp-content\/uploads\/2023\/03\/PRAKTISK-INFORMASJON-TIL-LEIETAKERNE-AV-KYSTLEDHYTTA-PA-JOMFRULAN-Assistenten.pdf\" class=\"wp-block-file__button wp-element-button\" download aria-describedby=\"wp-block-file--media-e8275c4c-bf34-4862-97c3-66b11b2ed15b\">Last ned<\/a><\/div>\n\n\n\n<div class=\"wp-block-file\"><a id=\"wp-block-file--media-f8d577ab-0974-4e26-bea8-a39877a89d15\" href=\"https:\/\/kragerokystlag.no\/wp-content\/uploads\/2022\/01\/plantegning.docx\">Plantegning<\/a><a href=\"https:\/\/kragerokystlag.no\/wp-content\/uploads\/2022\/01\/plantegning.docx\" class=\"wp-block-file__button wp-element-button\" download aria-describedby=\"wp-block-file--media-f8d577ab-0974-4e26-bea8-a39877a89d15\">Last ned<\/a><\/div>\n\n\n\n<p><strong>Litt om Jomfruland<\/strong><br>Jomfruland er en morene\u00f8y&nbsp;fra siste istid og inng\u00e5r i dag&nbsp;i Jomfruland Nasjonalpark som er hav\/sj\u00f8 &#8211; omr\u00e5det som omgir \u00f8ya.&nbsp;\u00d8ya er snaue 8 km. lang og har ca 60 fastboende. Jomfruland omtales som perlen p\u00e5 kysten og har mange muligheter for naturopplevelse og friluftsliv.&nbsp;P\u00e5 innsiden av \u00f8ya&nbsp;er det lange badestrender og ut mot havet, rullesteinstrender og blankskurte svaberg. \u00d8ya er like vakker p\u00e5 fine sommerdager som n\u00e5r h\u00f8ststormene dundrer inn fra Skagerrak. Det er rikelig med turmuligheter.&nbsp;\u00d8ya kalles for\u00f8vrig &laquo;Gardemoen flyplass for trekkfugl&raquo; og et moderne fuglet\u00e5rn nord p\u00e5 \u00f8ya, er \u00e5pent for&nbsp;alle. Ved T\u00e5rnbrygga er det serviceanlegg&nbsp;med dusj\/toalett.<\/p>\n\n\n\n<p><br>For \u00e5 f\u00e5 mer utbytte av \u00f8ya anbefales \u00e5 g\u00e5 inn p\u00e5:<br><a rel=\"noreferrer noopener\" href=\"http:\/\/jomfrulandnasjonalpark.no\/\" target=\"_blank\">jomfrulandnasjonalpark.no<\/a><br>www.fjordbat.no &#8211; Rutetider<br><a rel=\"noreferrer noopener\" href=\"http:\/\/visitkragero.no\/\" target=\"_blank\">visitkragero.no<\/a><br><a rel=\"noreferrer noopener\" href=\"http:\/\/kystled.no\/\" target=\"_blank\">kystled.no<\/a><\/p>\n\n\n\n<h2 class=\"wp-block-heading\">Booking av kystledhyttene p\u00e5 Jomfruland!<\/h2>\n\n\n\n<p>1.4. kl 10.00 \u00e5pner vi for booking av kystledhyttene p\u00e5 Jomfruland (Assistenten,<br>Deccahytta og Maskinhuset) for h\u00f8ysesong 2023 (uke 18-35). Les mer om hyttene i<br>dokumentene nederst under fanen Kystled Jomfruland.<br>Nytt er at bookingen er digital. G\u00e5 inn via lenken p\u00e5 hjemmesiden.<br>NB! Ha medlemsnummeret klart for f\u00e5 kunne f\u00e5 rabattert medlemspris.<br>Betaling skjer med vipps eller bankkort. Bookingen er gjennomf\u00f8rt n\u00e5r betaling er<br>bekreftet. Dersom du vil bli medlem, kontakt Forbundet kysten www.kysten.no eller<br>f\u00f8lg lenken p\u00e5 v\u00e5r hjemmeside.<\/p>\n\n\n\n<p><strong>Priser for leie av kystledhyttene p\u00e5 Jomfruland:<\/strong> Gjelder fra h\u00f8ysesong 2026<\/p>\n\n\n\n<figure class=\"wp-block-table\"><table><tbody><tr><td><\/td><td><\/td><td>Decca-hytta<\/td><td>Maskinhuset<\/td><td>Assistenten<\/td><\/tr><tr><td>H\u00f8ysesong<br>uke 18-35<\/td><td>medlem<\/td><td>750<\/td><td>650<\/td><td>1.650<\/td><\/tr><tr><td><\/td><td>ikke-medlem<\/td><td>950<\/td><td>850<\/td><td>1.950<\/td><\/tr><tr><td>Lavsesong<br>uke 36-17<\/td><td>medlem<\/td><td>550<\/td><td>500<\/td><td>1.200 <\/td><\/tr><tr><td><\/td><td>ikke-medlem<\/td><td>750<\/td><td>700<\/td><td>1.400<\/td><\/tr><\/tbody><\/table><\/figure>\n\n\n\n<p>Velkommen!<\/p>\n\n\n\n<div class=\"wp-block-buttons is-layout-flex wp-block-buttons-is-layout-flex\">\n<div class=\"wp-block-button\"><a class=\"wp-block-button__link has-black-color has-white-background-color has-text-color has-background wp-element-button\" href=\"https:\/\/www.cloud-booking.net\/kragerokystlag\/index.htm?source=nettside\" target=\"_blank\" rel=\"noreferrer noopener\">G\u00e5 til booking<\/a><\/div>\n<\/div>\n\n\n\n<div class=\"wp-block-buttons is-layout-flex wp-block-buttons-is-layout-flex\"><\/div>\n\n\n\n<hr class=\"wp-block-separator has-css-opacity\"\/>\n\n\n\n<h2 class=\"wp-block-heading\" id=\"dokumenter\">Dokumenter<\/h2>\n\n\n\n<p><\/p>\n<span>","protected":false},"excerpt":{"rendered":"<p class=\"excerpt\"><span itemprop=\"description\">Litt historikk om hyttene. Krager\u00f8 Kystlag disponerer i dag 3 hytter p\u00e5 Jomfruland, Decca hytta, Maskinhuset og Assistenten. For praktisk informasjon&nbsp;til leietaker av hyttene, se dokumenter&nbsp;nederst. Deccahytta (gamlehytta) Det er f\u00f8rste hytta ble tatt i bruk i 2007 og kalles Decca hytta. Opprinnelig var det&hellip;<\/span><\/p>\n<p class=\"more-link-p btn-align-left\"><a class=\"green zoom-btn\" href=\"https:\/\/kragerokystlag.no\/?page_id=17\">Read More<\/a><\/p>\n","protected":false},"author":1,"featured_media":0,"parent":0,"menu_order":0,"comment_status":"closed","ping_status":"closed","template":"templates\/template-full-width.php","meta":{"footnotes":""},"class_list":["post-17","page","type-page","status-publish","hentry"],"_links":{"self":[{"href":"https:\/\/kragerokystlag.no\/index.php?rest_route=\/wp\/v2\/pages\/17","targetHints":{"allow":["GET"]}}],"collection":[{"href":"https:\/\/kragerokystlag.no\/index.php?rest_route=\/wp\/v2\/pages"}],"about":[{"href":"https:\/\/kragerokystlag.no\/index.php?rest_route=\/wp\/v2\/types\/page"}],"author":[{"embeddable":true,"href":"https:\/\/kragerokystlag.no\/index.php?rest_route=\/wp\/v2\/users\/1"}],"replies":[{"embeddable":true,"href":"https:\/\/kragerokystlag.no\/index.php?rest_route=%2Fwp%2Fv2%2Fcomments&post=17"}],"version-history":[{"count":0,"href":"https:\/\/kragerokystlag.no\/index.php?rest_route=\/wp\/v2\/pages\/17\/revisions"}],"wp:attachment":[{"href":"https:\/\/kragerokystlag.no\/index.php?rest_route=%2Fwp%2Fv2%2Fmedia&parent=17"}],"curies":[{"name":"wp","href":"https:\/\/api.w.org\/{rel}","templated":true}]}}