{"id":11,"date":"2022-01-05T17:01:47","date_gmt":"2022-01-05T17:01:47","guid":{"rendered":"https:\/\/kragerokystlag.no\/?page_id=11"},"modified":"2026-03-14T17:51:14","modified_gmt":"2026-03-14T17:51:14","slug":"hjemmehavn","status":"publish","type":"page","link":"https:\/\/kragerokystlag.no\/","title":{"rendered":"Hjemmehavn"},"content":{"rendered":"<span itemprop=\"description\">\n<h2 class=\"wp-block-heading\" id=\"velkommen-til-kragero-kystlag-sin-hjemmeside\">Velkommen til Krager\u00f8 Kystlag sin hjemmeside!<\/h2>\n\n\n\n<div class=\"wp-block-buttons is-content-justification-right is-layout-flex wp-container-core-buttons-is-layout-765c4724 wp-block-buttons-is-layout-flex\">\n<div class=\"wp-block-button is-style-fill\"><a class=\"wp-block-button__link has-white-color has-text-color has-background has-link-color wp-element-button\" href=\"https:\/\/www.cloud-booking.net\/kragerokystlag\/index.htm?source=nettside\" style=\"background-color:#007baf\" target=\"_blank\" rel=\"noreferrer noopener\"><strong>Booking av kystledhyttene<\/strong><\/a><\/div>\n<\/div>\n\n\n\n<div style=\"height:36px\" aria-hidden=\"true\" class=\"wp-block-spacer\"><\/div>\n\n\n\n<div class=\"wp-block-columns is-layout-flex wp-container-core-columns-is-layout-9d6595d7 wp-block-columns-is-layout-flex\">\n<div class=\"wp-block-column is-layout-flow wp-block-column-is-layout-flow\" style=\"flex-basis:66.66%\">\n<p>For tiden er vi rundt 300 medlemmer i Krager\u00f8 Kystlag. Vi drifter den fredete st\u00e5lferja Gamle Krager\u00f8 og har etablert Krager\u00f8 Kystkultursenter i Riggerbua i Tallakshavn som ligger i utkanten av sentrum i Krager\u00f8. Dessuten har vi en gammel, restaurert skyssb\u00e5t, Fram, som vi leier ut til medlemmer. I 2025 overtok vi den gamle arbeidsb\u00e5ten til Krager\u00f8 elverk som trenger litt pleie for \u00e5 bli en medlemsb\u00e5t til utleie. Se for \u00f8vrig under fanen &laquo;V\u00e5re b\u00e5ter&raquo; for \u00e5 se kalender n\u00e5r Gamle Krager\u00f8 og Fram er ledig\/utleid.<\/p>\n\n\n\n<p>N\u00e5 har vi tre kystledhytter p\u00e5 Jomfruland, en p\u00e5 Str\u00f8mtangen og en p\u00e5 Lille Kirkeholmen. Disse blir holdt i orden av driftige medlemmer.<\/p>\n\n\n\n<p><strong>Booking av Gamle Krager\u00f8<\/strong><\/p>\n\n\n\n<p>Gamle Krager\u00f8 har noe ledig kapasitet p\u00e5 turer sesongen 2026. Se oversikt i kalenderen under emneknaggen &laquo;V\u00e5re b\u00e5ter\/Gamle Krager\u00f8&raquo;.<\/p>\n\n\n\n<p>Vi kan ta p\u00e5 oss de fleste turoppdrag. En rundtur i Krager\u00f8-skj\u00e6rg\u00e5rden med den fredete ferja Gamle Krager\u00f8 er en eksotisk opplevelse!<br>&nbsp;Ta en telefon til Trygve B\u00f8rresen p\u00e5 41307832 eller e-post: trygve.borresen@kebas.no<br>Kom gjerne med forslag til turer du \u00f8nsker Kystlaget b\u00f8r arrangere med Gamle Krager\u00f8.<\/p>\n<\/div>\n\n\n\n<div class=\"wp-block-column is-layout-flow wp-block-column-is-layout-flow\" style=\"flex-basis:33.33%\">\n<p style=\"background-color:transparent;color:#808080;padding:20px;border-radius:5px\" class=\"wp-block-eventon-blocks-evo-eventon-main\"><!-- EventON Calendar --><div id='evcal_calendar_310' class='ajde_evcal_calendar sev cev color esty_2 etttc_custom ajax_loading_cal' ><div id='evcal_head' class='calendar_header ' ><div class='evo_cal_above'><span class='evo-gototoday-btn evo_hide' style='display:none;' data-mo='5' data-yr='2026' data-dy=''>Denne m\u00e5neden<\/span><\/div><div class='evo_cal_above_content'><\/div><div class='evo_header_title '><p id='evcal_cur' class='evo_month_title'> mai, 2026<\/p><p class='evo_arrows'>\n\t\t\t\t\t<span id='evcal_prev' class='evcal_arrows evcal_btn_prev evodfx evofx_jc_c evofx_ai_c'><i class='fa fa-chevron-left'><\/i><\/span>\n\t\t\t\t\t<span id='evcal_next' class='evcal_arrows evo_arrow_next evcal_btn_next evodfx evofx_jc_c evofx_ai_c'><i class='fa fa-chevron-right'><\/i><\/span>\n\t\t\t\t\t<\/p><\/div><\/div><div id='eventon_loadbar_section'><div id='eventon_loadbar'><\/div><\/div><div class='evo_ajax_load_events'><span><\/span><span><\/span><span><\/span><\/div><!-- Events List --><div id='evcal_list' \n\t\t\t\t\tclass='eventon_events_list '>\t\t\t<div class='clear'><\/div>\n\t\t\t<\/div>\n\t\t\t<div class='clear'><\/div>\n\t\t\t\n\t\t\t\t\t \t<div id='evcal_footer' class='evo_bottom' style='display:none'>\n\t\t \t\t<div class='evo_cal_data' data-sc='{&quot;accord&quot;:&quot;no&quot;,&quot;bottom_nav&quot;:&quot;no&quot;,&quot;cal_id&quot;:&quot;&quot;,&quot;cal_init_nonajax&quot;:&quot;no&quot;,&quot;calendar_type&quot;:&quot;default&quot;,&quot;ep_fields&quot;:&quot;&quot;,&quot;etc_override&quot;:&quot;no&quot;,&quot;evc_open&quot;:&quot;no&quot;,&quot;event_count&quot;:0,&quot;event_location&quot;:&quot;all&quot;,&quot;event_order&quot;:&quot;ASC&quot;,&quot;event_organizer&quot;:&quot;all&quot;,&quot;event_parts&quot;:&quot;no&quot;,&quot;event_past_future&quot;:&quot;all&quot;,&quot;event_status&quot;:&quot;all&quot;,&quot;event_tag&quot;:&quot;all&quot;,&quot;event_type&quot;:&quot;all&quot;,&quot;event_type_2&quot;:&quot;all&quot;,&quot;event_virtual&quot;:&quot;all&quot;,&quot;eventtop_date_style&quot;:0,&quot;eventtop_style&quot;:&quot;2&quot;,&quot;exp_jumper&quot;:&quot;no&quot;,&quot;exp_so&quot;:&quot;no&quot;,&quot;filter_relationship&quot;:&quot;AND&quot;,&quot;filter_show_set_only&quot;:&quot;no&quot;,&quot;filter_type&quot;:&quot;default&quot;,&quot;filters&quot;:&quot;yes&quot;,&quot;fixed_month&quot;:&quot;5&quot;,&quot;fixed_year&quot;:&quot;2026&quot;,&quot;focus_end_date_range&quot;:&quot;1780264799&quot;,&quot;focus_start_date_range&quot;:&quot;1777586400&quot;,&quot;ft_event_priority&quot;:&quot;no&quot;,&quot;hide_arrows&quot;:&quot;no&quot;,&quot;hide_cancels&quot;:&quot;no&quot;,&quot;hide_empty_months&quot;:&quot;no&quot;,&quot;hide_end_time&quot;:&quot;no&quot;,&quot;hide_et_dn&quot;:&quot;no&quot;,&quot;hide_et_extra&quot;:&quot;no&quot;,&quot;hide_et_tags&quot;:&quot;no&quot;,&quot;hide_et_tl&quot;:&quot;no&quot;,&quot;hide_ft&quot;:&quot;no&quot;,&quot;hide_ft_img&quot;:&quot;no&quot;,&quot;hide_month_headers&quot;:&quot;no&quot;,&quot;hide_mult_occur&quot;:&quot;no&quot;,&quot;hide_past&quot;:&quot;no&quot;,&quot;hide_past_by&quot;:&quot;ee&quot;,&quot;hide_so&quot;:&quot;no&quot;,&quot;ics&quot;:&quot;no&quot;,&quot;jumper&quot;:&quot;no&quot;,&quot;jumper_count&quot;:5,&quot;jumper_offset&quot;:&quot;0&quot;,&quot;lang&quot;:&quot;L1&quot;,&quot;layout_changer&quot;:&quot;no&quot;,&quot;livenow_bar&quot;:&quot;yes&quot;,&quot;mapformat&quot;:&quot;roadmap&quot;,&quot;mapiconurl&quot;:&quot;&quot;,&quot;maps_load&quot;:&quot;yes&quot;,&quot;mapscroll&quot;:&quot;true&quot;,&quot;mapzoom&quot;:&quot;18&quot;,&quot;members_only&quot;:&quot;no&quot;,&quot;ml_priority&quot;:&quot;no&quot;,&quot;month_incre&quot;:0,&quot;number_of_months&quot;:&quot;1&quot;,&quot;only_ft&quot;:&quot;no&quot;,&quot;pec&quot;:&quot;&quot;,&quot;s&quot;:&quot;&quot;,&quot;search&quot;:&quot;&quot;,&quot;search_all&quot;:&quot;no&quot;,&quot;sep_month&quot;:&quot;no&quot;,&quot;show_et_ft_img&quot;:&quot;no&quot;,&quot;show_limit&quot;:&quot;no&quot;,&quot;show_limit_ajax&quot;:&quot;no&quot;,&quot;show_limit_paged&quot;:1,&quot;show_limit_redir&quot;:&quot;&quot;,&quot;show_repeats&quot;:&quot;no&quot;,&quot;show_upcoming&quot;:0,&quot;show_year&quot;:&quot;no&quot;,&quot;social_share&quot;:&quot;no&quot;,&quot;sort_by&quot;:&quot;sort_date&quot;,&quot;tile_bg&quot;:0,&quot;tile_bg_size&quot;:&quot;full&quot;,&quot;tile_count&quot;:2,&quot;tile_height&quot;:0,&quot;tile_style&quot;:0,&quot;tiles&quot;:&quot;no&quot;,&quot;ux_val&quot;:&quot;0&quot;,&quot;wpml_l1&quot;:&quot;&quot;,&quot;wpml_l2&quot;:&quot;&quot;,&quot;wpml_l3&quot;:&quot;&quot;,&quot;yl_priority&quot;:&quot;no&quot;,&quot;fixed_day&quot;:&quot;6&quot;,&quot;_cver&quot;:&quot;2.5.2&quot;}'data-od='{&quot;lang_no_events&quot;:&quot;Ingen aktiviteter&quot;,&quot;cal_tz_offset&quot;:120,&quot;cal_tz&quot;:&quot;Europe\\\/Oslo&quot;}'><\/div>\n\t\t \t\t<div class='evo_cal_events' data-events=\"\"><\/div>\n\t\t \t<\/div>\n\t\t\t\t\n\t\t\t\n\t\t\t\n\t\t\t\t\t\t<\/div><!-- EventON End -->\n\t\t\t<\/p>\n\n\n\n<!--<iframe loading=\"lazy\" src=\"https:\/\/calendar.google.com\/calendar\/embed?height=400&wkst=2&bgcolor=%23ffffff&ctz=Europe%2FBrussels&mode=AGENDA&showPrint=1&showTabs=0&showCalendars=0&showTz=1&showNav=0&showDate=0&title=Hva%20skjer!&src=ZDU3NDI1ZGIwODI2NWRlZGQwZWJjNGE2YmE5N2Q3MmQ0NGFiYmRkYjViZjNjNTg4ZjZjZDJkNmZmNWUxZjNhMkBncm91cC5jYWxlbmRhci5nb29nbGUuY29t&color=%23AD1457\" style=\"border:solid 3px #00243a\" width=\"100%\" height=\"400\" frameborder=\"0\" scrolling=\"no\"><\/iframe>-->\n<\/div>\n<\/div>\n\n\n\n<p><br><\/p>\n\n\n\n<h2 class=\"wp-block-heading\" id=\"nyheter\">Nyheter<\/h2>\n\n\n<ul class=\"wp-block-latest-posts__list is-grid columns-2 has-dates wp-block-latest-posts\"><li><a class=\"wp-block-latest-posts__post-title\" href=\"https:\/\/kragerokystlag.no\/?p=1636\">Booking av Kystledhytter<\/a><time datetime=\"2026-02-23T13:34:45+00:00\" class=\"wp-block-latest-posts__post-date\">23. februar 2026<\/time><div class=\"wp-block-latest-posts__post-excerpt\"><p class=\"excerpt\"><span itemprop=\"description\">Snart v\u00e5r og sommer! Vi \u00e5pner for booking av opphold p\u00e5 v\u00e5re kystledhytter p\u00e5 Jomfruland og p\u00e5 Str\u00f8mtangen i h\u00f8ysesongen 2026 (27.4.-30.8.) l\u00f8rdag 21.3. kl. 10.00. Bookingen skjer her p\u00e5 hjemmesiden. Sett deg inn i framgangsm\u00e5ten hvis du ikke har booket tidligere. Les info under&hellip;<\/span><\/p><p class=\"more-link-p btn-align-left\"><a class=\"green zoom-btn\" href=\"https:\/\/kragerokystlag.no\/?p=1636\">Read More<\/a><\/p><\/div><\/li>\n<li><a class=\"wp-block-latest-posts__post-title\" href=\"https:\/\/kragerokystlag.no\/?p=1615\">Medlemsm\u00f8te &#8211; RS32 Krager\u00f8<\/a><time datetime=\"2026-01-20T14:12:04+00:00\" class=\"wp-block-latest-posts__post-date\">20. januar 2026<\/time><div class=\"wp-block-latest-posts__post-excerpt\"><p class=\"excerpt\"><span itemprop=\"description\">Vi i foreningen RS32 Krager\u00f8 kan legge en lang og god \u00abSommer-25\u00bb seilsesong bak oss, men g\u00e5r ikke helt i dvale.RS32 Krager\u00f8 er n\u00e5 p\u00e5 plass ved Ris\u00f8r Treb\u00e5tbyggeri AS i Buvika, og skal f\u00e5 en velfortjent utskifting av gamle bord mm. Det blir noen&hellip;<\/span><\/p><p class=\"more-link-p btn-align-left\"><a class=\"green zoom-btn\" href=\"https:\/\/kragerokystlag.no\/?p=1615\">Read More<\/a><\/p><\/div><\/li>\n<li><a class=\"wp-block-latest-posts__post-title\" href=\"https:\/\/kragerokystlag.no\/?p=1355\">Friluftslivets \u00e5r 2025:<\/a><time datetime=\"2025-05-07T07:34:48+00:00\" class=\"wp-block-latest-posts__post-date\">7. mai 2025<\/time><div class=\"wp-block-latest-posts__post-excerpt\"><p class=\"excerpt\"><span itemprop=\"description\">Friluftsliv er Norges fremste fritidsaktivitet og har noe for alle, uavhengig av forutsetninger og forkunnskaper. I 2025 er m\u00e5let at alle skal finne sin friluftsglede. Norge byr p\u00e5 fantastiske muligheter for friluftsliv, og i Friluftslivets \u00e5r inviterer vi store og sm\u00e5 over hele landet til&hellip;<\/span><\/p><p class=\"more-link-p btn-align-left\"><a class=\"green zoom-btn\" href=\"https:\/\/kragerokystlag.no\/?p=1355\">Read More<\/a><\/p><\/div><\/li>\n<li><a class=\"wp-block-latest-posts__post-title\" href=\"https:\/\/kragerokystlag.no\/?p=1315\">BYGGESKIKKSPRIS TILDELT RIGGERBUA!!!<\/a><time datetime=\"2025-03-20T15:58:55+00:00\" class=\"wp-block-latest-posts__post-date\">20. mars 2025<\/time><div class=\"wp-block-latest-posts__post-excerpt\"><p class=\"excerpt\"><span itemprop=\"description\"><\/span><\/p><p class=\"more-link-p btn-align-left\"><a class=\"green zoom-btn\" href=\"https:\/\/kragerokystlag.no\/?p=1315\">Read More<\/a><\/p><\/div><\/li>\n<li><a class=\"wp-block-latest-posts__post-title\" href=\"https:\/\/kragerokystlag.no\/?p=1281\">Stor overraskelse p\u00e5 \u00e5rsm\u00f8tet 7\/3-25<\/a><time datetime=\"2025-03-12T15:41:53+00:00\" class=\"wp-block-latest-posts__post-date\">12. mars 2025<\/time><div class=\"wp-block-latest-posts__post-excerpt\"><p class=\"excerpt\"><span itemprop=\"description\">Krager\u00f8 kystlag har s\u00f8kt midler til en utrigger\/brygge utenfor Riggerbua, som en del av kommunens arbeid med et fremtidig kystkulturomr\u00e5de i Tallakshavn.Vi er veldig glade for pengest\u00f8tten som Jon Guste Pedersen i Sparebankstiftelsen Skagerak overrakte oss!!!<\/span><\/p><p class=\"more-link-p btn-align-left\"><a class=\"green zoom-btn\" href=\"https:\/\/kragerokystlag.no\/?p=1281\">Read More<\/a><\/p><\/div><\/li>\n<li><a class=\"wp-block-latest-posts__post-title\" href=\"https:\/\/kragerokystlag.no\/?p=1132\">Kurs: Lag dine egne taufendre!<\/a><time datetime=\"2025-01-13T10:12:46+00:00\" class=\"wp-block-latest-posts__post-date\">13. januar 2025<\/time><div class=\"wp-block-latest-posts__post-excerpt\"><p class=\"excerpt\"><span itemprop=\"description\">Krager\u00f8 Kystlag arrangerer fenderkurs i Riggerbua p\u00e5 onsdager fra kl. 10.00 til 15.00. Oppstart onsdag 15. januar, og s\u00e5 blir det kurs hver onsdag fram til og med 5. mars. Kurset er gratis og foreningen holder ogs\u00e5 materiell. Her kan du ogs\u00e5 l\u00e6re spleising og&hellip;<\/span><\/p><p class=\"more-link-p btn-align-left\"><a class=\"green zoom-btn\" href=\"https:\/\/kragerokystlag.no\/?p=1132\">Read More<\/a><\/p><\/div><\/li>\n<\/ul>\n\n\n<div class=\"wp-block-buttons is-layout-flex wp-block-buttons-is-layout-flex\"><\/div>\n\n\n\n<div class=\"wp-block-buttons is-content-justification-center is-layout-flex wp-container-core-buttons-is-layout-16018d1d wp-block-buttons-is-layout-flex\">\n<div class=\"wp-block-button is-style-fill\"><a class=\"wp-block-button__link has-white-color has-text-color has-background has-link-color wp-element-button\" href=\"https:\/\/kragerokystlag.no\/?page_id=826\" style=\"background-color:#007baf;font-style:normal;font-weight:700\">Se flere nyheter i arkivet<\/a><\/div>\n<\/div>\n\n\n\n<p><\/p>\n<span>","protected":false},"excerpt":{"rendered":"<p class=\"excerpt\"><span itemprop=\"description\">Velkommen til Krager\u00f8 Kystlag sin hjemmeside! For tiden er vi rundt 300 medlemmer i Krager\u00f8 Kystlag. Vi drifter den fredete st\u00e5lferja Gamle Krager\u00f8 og har etablert Krager\u00f8 Kystkultursenter i Riggerbua i Tallakshavn som ligger i utkanten av sentrum i Krager\u00f8. Dessuten har vi en gammel,&hellip;<\/span><\/p>\n<p class=\"more-link-p btn-align-left\"><a class=\"green zoom-btn\" href=\"https:\/\/kragerokystlag.no\/\">Read More<\/a><\/p>\n","protected":false},"author":10,"featured_media":0,"parent":0,"menu_order":0,"comment_status":"closed","ping_status":"closed","template":"","meta":{"footnotes":""},"class_list":["post-11","page","type-page","status-publish","hentry"],"_links":{"self":[{"href":"https:\/\/kragerokystlag.no\/index.php?rest_route=\/wp\/v2\/pages\/11","targetHints":{"allow":["GET"]}}],"collection":[{"href":"https:\/\/kragerokystlag.no\/index.php?rest_route=\/wp\/v2\/pages"}],"about":[{"href":"https:\/\/kragerokystlag.no\/index.php?rest_route=\/wp\/v2\/types\/page"}],"author":[{"embeddable":true,"href":"https:\/\/kragerokystlag.no\/index.php?rest_route=\/wp\/v2\/users\/10"}],"replies":[{"embeddable":true,"href":"https:\/\/kragerokystlag.no\/index.php?rest_route=%2Fwp%2Fv2%2Fcomments&post=11"}],"version-history":[{"count":0,"href":"https:\/\/kragerokystlag.no\/index.php?rest_route=\/wp\/v2\/pages\/11\/revisions"}],"wp:attachment":[{"href":"https:\/\/kragerokystlag.no\/index.php?rest_route=%2Fwp%2Fv2%2Fmedia&parent=11"}],"curies":[{"name":"wp","href":"https:\/\/api.w.org\/{rel}","templated":true}]}}